{"id":555,"date":"2022-07-09T09:50:52","date_gmt":"2022-07-09T07:50:52","guid":{"rendered":"https:\/\/www.rehabilit.com\/?page_id=555"},"modified":"2023-02-17T08:35:52","modified_gmt":"2023-02-17T07:35:52","slug":"politica-de-cookies","status":"publish","type":"page","link":"https:\/\/www.rehabilit.com\/ca\/politica-de-cookies\/","title":{"rendered":"Pol\u00edtica de cookies"},"content":{"rendered":"<section class=\"wpb-content-wrapper\"><p>[vc_row css_animation=&#8221;&#8221; row_type=&#8221;row&#8221; use_row_as_full_screen_section=&#8221;no&#8221; type=&#8221;grid&#8221; angled_section=&#8221;no&#8221; text_align=&#8221;left&#8221; background_image_as_pattern=&#8221;without_pattern&#8221; z_index=&#8221;&#8221;][vc_column][vc_separator type=&#8221;normal&#8221; el_class=&#8221;section_sep&#8221;][vc_column_text el_class=&#8221;section_title small sep&#8221;]<\/p>\n<h2>Pol\u00edtica de cookies<\/h2>\n<p>[\/vc_column_text][vc_separator type=&#8221;normal&#8221; el_class=&#8221;section_sep&#8221;][vc_column_text]<\/p>\n<div class=\"et_pb_module et_pb_text et_pb_text_1 et_pb_text_align_left et_pb_bg_layout_light\">\n<div class=\"et_pb_text_inner\">\n<p>Una Cookie \u00e9s un fitxer que es descarrega al vostre ordinador en accedir a determinades p\u00e0gines web. Les galetes permeten a una p\u00e0gina web, entre altres coses, emmagatzemar i recuperar informaci\u00f3 sobre els h\u00e0bits de navegaci\u00f3 d&#8217;un usuari o del seu equip i, depenent de la informaci\u00f3 que contingui i de la manera com utilitzi el seu equip, es poden utilitzar per recon\u00e8ixer a l&#8217;usuari.<\/p>\n<p>Les galetes s\u00f3n essencials per al funcionament d&#8217;internet, aportant innombrables avantatges en la prestaci\u00f3 de serveis interactius, facilitant-li la navegaci\u00f3 i usabilitat de la nostra web.<\/p>\n<p>Segons el que disposa l&#8217;article 22.2 de la Llei 34\/2002, d&#8217;11 de juliol, de Serveis de la Societat de la Informaci\u00f3 i de Comer\u00e7 Electr\u00f2nic (LSSI-CE), Rehabilit SL informa de les cookies utilitzades al nostre lloc web.<\/p>\n<p>COOKIES PROPIES, T\u00c8CNIQUES I DE SESSI\u00d3 que permeten a l&#8217;usuari la navegaci\u00f3 per la web de Rehabilit SL, garantint el correcte funcionament i la utilitzaci\u00f3 de les diferents opcions o serveis que pugui disposar a la web.<\/p>\n<p>COOKIES DE TERCERS, D&#8217;AN\u00c0LISI I DE SESSI\u00d3 que permeten a Rehabilit SL l&#8217;an\u00e0lisi vinculada a la navegaci\u00f3 realitzada per l&#8217;usuari amb la finalitat de fer un seguiment d&#8217;\u00fas de la p\u00e0gina web aix\u00ed com fer estad\u00edstiques dels continguts m\u00e9s visitats, nombre de visitants , etc.<\/p>\n<p>L&#8217;aplicaci\u00f3 que utilitzem per obtenir i analitzar la informaci\u00f3 de la navegaci\u00f3 \u00e9s <b>Google Analytics<\/b>. Podeu consultar la vostra pol\u00edtica de cookies a trav\u00e9s dels seg\u00fcents enlla\u00e7:<br \/>\n<a href=\"https:\/\/developers.google.com\/analytics\/devguides\/collection\/analyticsjs\/cookie-usage\" target=\"_blank\" rel=\"noopener\">https:\/\/developers.google.com\/analytics\/devguides\/collection\/analyticsjs\/cookie-usage<\/a><br \/>\n<a href=\"https:\/\/support.google.com\/analytics\/answer\/6004245\" target=\"_blank\" rel=\"noopener\">https:\/\/support.google.com\/analytics\/answer\/6004245<\/a><\/p>\n<p>Aquesta aplicaci\u00f3 ha estat desenvolupada per Google, que ens presta el servei dan\u00e0lisi de laudi\u00e8ncia de la nostra p\u00e0gina. Google pot utilitzar aquestes dades per millorar els vostres propis serveis i per oferir serveis a altres empreses.<\/p>\n<p>Aix\u00ed mateix, Rehabilit SL informa a l&#8217;usuari que t\u00e9 la possibilitat de configurar el vostre navegador de manera que se us informe de la recepci\u00f3 de cookies, podent, si aix\u00ed ho desitja,<span class=\"Apple-converted-space\"> impedir que siguin instal\u00b7lades al vostre disc dur.<\/span><\/p>\n<p>A continuaci\u00f3 us proporcionem els enlla\u00e7os de diversos navegadors, a trav\u00e9s dels quals podreu realitzar aquesta configuraci\u00f3:<br \/>\n<b><i><\/i><\/b><\/p>\n<p><b><i>Firefox des d&#8217;aqu\u00ed:<\/i><\/b><i>\u00a0<\/i><a href=\"http:\/\/support.mozilla.org\/es\/kb\/habilitar-y-deshabilitar-cookies-que-los-sitios-we\" target=\"_blank\" rel=\"noopener\"><span class=\"s3\"><i>http:\/\/support.mozilla.org\/es\/kb\/habilitar-y-deshabilitar-cookies-que-los-sitios-we<\/i><\/span><\/a><i><br \/>\n<\/i><br \/>\n<b><i>Chrome des d&#8217;aqu\u00ed:<\/i><\/b><i>\u00a0<\/i><a href=\"http:\/\/support.google.com\/chrome\/bin\/answer.py?hl=es&amp;answer=95647\" target=\"_blank\" rel=\"noopener\"><span class=\"s3\"><i>http:\/\/support.google.com\/chrome\/bin\/answer.py?hl=es&amp;answer=95647<\/i><\/span><\/a><i><br \/>\n<\/i><br \/>\n<b><i>Explorer des d&#8217;aqu\u00ed:<\/i><\/b><i>\u00a0<a href=\"http:\/\/windows.microsoft.com\/es-es\/internet-explorer\/delete-manage-cookies#ie=ie-10\" target=\"_blank\" rel=\"noopener\"><span class=\"s3\">http:\/\/windows.microsoft.com\/es-es\/internet-explorer\/delete-manage-cookies#ie=ie-10<\/span><\/a><\/i><\/p>\n<p><b>Safari desde aqu\u00eddes d&#8217;aqu\u00ed:<\/b>\u00a0<a href=\"http:\/\/support.apple.com\/kb\/ph5042\" target=\"_blank\" rel=\"noopener\"><span class=\"s3\">http:\/\/support.apple.com\/kb\/ph5042<\/span><\/a><\/p>\n<p class=\"p3\"><span class=\"s1\"><b><i>Opera des d&#8217;aqu\u00ed:<\/i><\/b><i>\u00a0<\/i><a href=\"http:\/\/help.opera.com\/Windows\/11.50\/es-ES\/cookies.html\" target=\"_blank\" rel=\"noopener\"><span class=\"s3\"><i>http:\/\/help.opera.com\/Windows\/11.50\/es-ES\/cookies.html<\/i><\/span><\/a><\/span><\/p>\n<\/div>\n<\/div>\n<p>[\/vc_column_text][vc_separator type=&#8221;normal&#8221; el_class=&#8221;section_sep&#8221;][\/vc_column][\/vc_row]<\/p>\n<\/section>","protected":false},"excerpt":{"rendered":"<p>[vc_row css_animation=&#8221;&#8221; row_type=&#8221;row&#8221; use_row_as_full_screen_section=&#8221;no&#8221; type=&#8221;grid&#8221; angled_section=&#8221;no&#8221; text_align=&#8221;left&#8221; background_image_as_pattern=&#8221;without_pattern&#8221; z_index=&#8221;&#8221;][vc_column][vc_separator type=&#8221;normal&#8221; el_class=&#8221;section_sep&#8221;][vc_column_text el_class=&#8221;section_title small sep&#8221;] Pol\u00edtica de cookies [\/vc_column_text][vc_separator type=&#8221;normal&#8221; el_class=&#8221;section_sep&#8221;][vc_column_text] Una Cookie \u00e9s un fitxer que es descarrega al vostre ordinador en accedir a determinades p\u00e0gines web. Les galetes permeten a una p\u00e0gina web, entre&#8230;<\/p>\n","protected":false},"author":1,"featured_media":0,"parent":0,"menu_order":0,"comment_status":"closed","ping_status":"closed","template":"full_width.php","meta":{"footnotes":""},"class_list":["post-555","page","type-page","status-publish","hentry"],"_links":{"self":[{"href":"https:\/\/www.rehabilit.com\/ca\/wp-json\/wp\/v2\/pages\/555","targetHints":{"allow":["GET"]}}],"collection":[{"href":"https:\/\/www.rehabilit.com\/ca\/wp-json\/wp\/v2\/pages"}],"about":[{"href":"https:\/\/www.rehabilit.com\/ca\/wp-json\/wp\/v2\/types\/page"}],"author":[{"embeddable":true,"href":"https:\/\/www.rehabilit.com\/ca\/wp-json\/wp\/v2\/users\/1"}],"replies":[{"embeddable":true,"href":"https:\/\/www.rehabilit.com\/ca\/wp-json\/wp\/v2\/comments?post=555"}],"version-history":[{"count":6,"href":"https:\/\/www.rehabilit.com\/ca\/wp-json\/wp\/v2\/pages\/555\/revisions"}],"predecessor-version":[{"id":2030,"href":"https:\/\/www.rehabilit.com\/ca\/wp-json\/wp\/v2\/pages\/555\/revisions\/2030"}],"wp:attachment":[{"href":"https:\/\/www.rehabilit.com\/ca\/wp-json\/wp\/v2\/media?parent=555"}],"curies":[{"name":"wp","href":"https:\/\/api.w.org\/{rel}","templated":true}]}}